{"id":26,"date":"2025-04-04T15:06:58","date_gmt":"2025-04-04T15:06:58","guid":{"rendered":"http:\/\/nocheenla13.com\/?page_id=26"},"modified":"2025-09-25T18:55:30","modified_gmt":"2025-09-25T18:55:30","slug":"quienes-somos","status":"publish","type":"page","link":"https:\/\/nocheenla13.com\/en\/quienes-somos\/","title":{"rendered":"Who we are"},"content":{"rendered":"<div data-elementor-type=\"wp-page\" data-elementor-id=\"26\" class=\"elementor elementor-26\" data-elementor-settings=\"{&quot;element_pack_global_tooltip_width&quot;:{&quot;unit&quot;:&quot;px&quot;,&quot;size&quot;:&quot;&quot;,&quot;sizes&quot;:[]},&quot;element_pack_global_tooltip_width_laptop&quot;:{&quot;unit&quot;:&quot;px&quot;,&quot;size&quot;:&quot;&quot;,&quot;sizes&quot;:[]},&quot;element_pack_global_tooltip_width_tablet&quot;:{&quot;unit&quot;:&quot;px&quot;,&quot;size&quot;:&quot;&quot;,&quot;sizes&quot;:[]},&quot;element_pack_global_tooltip_width_mobile&quot;:{&quot;unit&quot;:&quot;px&quot;,&quot;size&quot;:&quot;&quot;,&quot;sizes&quot;:[]},&quot;element_pack_global_tooltip_padding&quot;:{&quot;unit&quot;:&quot;px&quot;,&quot;top&quot;:&quot;&quot;,&quot;right&quot;:&quot;&quot;,&quot;bottom&quot;:&quot;&quot;,&quot;left&quot;:&quot;&quot;,&quot;isLinked&quot;:true},&quot;element_pack_global_tooltip_padding_laptop&quot;:{&quot;unit&quot;:&quot;px&quot;,&quot;top&quot;:&quot;&quot;,&quot;right&quot;:&quot;&quot;,&quot;bottom&quot;:&quot;&quot;,&quot;left&quot;:&quot;&quot;,&quot;isLinked&quot;:true},&quot;element_pack_global_tooltip_padding_tablet&quot;:{&quot;unit&quot;:&quot;px&quot;,&quot;top&quot;:&quot;&quot;,&quot;right&quot;:&quot;&quot;,&quot;bottom&quot;:&quot;&quot;,&quot;left&quot;:&quot;&quot;,&quot;isLinked&quot;:true},&quot;element_pack_global_tooltip_padding_mobile&quot;:{&quot;unit&quot;:&quot;px&quot;,&quot;top&quot;:&quot;&quot;,&quot;right&quot;:&quot;&quot;,&quot;bottom&quot;:&quot;&quot;,&quot;left&quot;:&quot;&quot;,&quot;isLinked&quot;:true},&quot;element_pack_global_tooltip_border_radius&quot;:{&quot;unit&quot;:&quot;px&quot;,&quot;top&quot;:&quot;&quot;,&quot;right&quot;:&quot;&quot;,&quot;bottom&quot;:&quot;&quot;,&quot;left&quot;:&quot;&quot;,&quot;isLinked&quot;:true},&quot;element_pack_global_tooltip_border_radius_laptop&quot;:{&quot;unit&quot;:&quot;px&quot;,&quot;top&quot;:&quot;&quot;,&quot;right&quot;:&quot;&quot;,&quot;bottom&quot;:&quot;&quot;,&quot;left&quot;:&quot;&quot;,&quot;isLinked&quot;:true},&quot;element_pack_global_tooltip_border_radius_tablet&quot;:{&quot;unit&quot;:&quot;px&quot;,&quot;top&quot;:&quot;&quot;,&quot;right&quot;:&quot;&quot;,&quot;bottom&quot;:&quot;&quot;,&quot;left&quot;:&quot;&quot;,&quot;isLinked&quot;:true},&quot;element_pack_global_tooltip_border_radius_mobile&quot;:{&quot;unit&quot;:&quot;px&quot;,&quot;top&quot;:&quot;&quot;,&quot;right&quot;:&quot;&quot;,&quot;bottom&quot;:&quot;&quot;,&quot;left&quot;:&quot;&quot;,&quot;isLinked&quot;:true}}\" data-elementor-post-type=\"page\">\n\t\t\t\t<div class=\"elementor-element elementor-element-ed7df90 e-con-full e-flex e-con e-parent\" data-id=\"ed7df90\" data-element_type=\"container\" data-settings=\"{&quot;background_background&quot;:&quot;classic&quot;}\">\n\t\t<div class=\"elementor-element elementor-element-020d643 e-flex e-con-boxed e-con e-child\" data-id=\"020d643\" data-element_type=\"container\">\n\t\t\t\t\t<div class=\"e-con-inner\">\n\t\t\t\t<div class=\"elementor-element elementor-element-19f35ec elementor-invisible elementor-widget elementor-widget-image\" data-id=\"19f35ec\" data-element_type=\"widget\" data-settings=\"{&quot;ep_floating_effects_show&quot;:&quot;yes&quot;,&quot;ep_floating_effects_rotate_toggle&quot;:&quot;yes&quot;,&quot;ep_floating_effects_rotate_z&quot;:{&quot;unit&quot;:&quot;deg&quot;,&quot;size&quot;:&quot;&quot;,&quot;sizes&quot;:{&quot;from&quot;:0,&quot;to&quot;:10}},&quot;ep_floating_effects_rotate_duration&quot;:{&quot;unit&quot;:&quot;px&quot;,&quot;size&quot;:1000,&quot;sizes&quot;:[]},&quot;_animation&quot;:&quot;zoomIn&quot;,&quot;ep_floating_effects_rotate_x&quot;:{&quot;unit&quot;:&quot;deg&quot;,&quot;size&quot;:&quot;&quot;,&quot;sizes&quot;:{&quot;from&quot;:0,&quot;to&quot;:0}},&quot;ep_floating_effects_rotate_y&quot;:{&quot;unit&quot;:&quot;deg&quot;,&quot;size&quot;:&quot;&quot;,&quot;sizes&quot;:{&quot;from&quot;:0,&quot;to&quot;:0}},&quot;ep_floating_effects_rotate_delay&quot;:{&quot;unit&quot;:&quot;px&quot;,&quot;size&quot;:&quot;&quot;,&quot;sizes&quot;:[]},&quot;ep_floating_effects_easing&quot;:&quot;easeInOutQuad&quot;}\" data-widget_type=\"image.default\">\n\t\t\t\t<div class=\"elementor-widget-container\">\n\t\t\t\t\t\t\t\t\t\t\t\t\t\t\t<img decoding=\"async\" width=\"130\" height=\"114\" src=\"https:\/\/nocheenla13.com\/wp-content\/uploads\/2025\/04\/Group-484809-e1744040801128.png\" class=\"attachment-large size-large wp-image-183\" alt=\"\" \/>\t\t\t\t\t\t\t\t\t\t\t\t\t\t\t<\/div>\n\t\t\t\t<\/div>\n\t\t<div class=\"elementor-element elementor-element-637bd8f e-con-full e-flex e-con e-child\" data-id=\"637bd8f\" data-element_type=\"container\">\n\t\t\t\t<div class=\"elementor-element elementor-element-ef96a0d elementor-invisible elementor-widget elementor-widget-heading\" data-id=\"ef96a0d\" data-element_type=\"widget\" data-settings=\"{&quot;_animation&quot;:&quot;fadeInLeft&quot;}\" data-widget_type=\"heading.default\">\n\t\t\t\t<div class=\"elementor-widget-container\">\n\t\t\t\t\t<h1 class=\"elementor-heading-title elementor-size-default\">SOMos<\/h1>\t\t\t\t<\/div>\n\t\t\t\t<\/div>\n\t\t\t\t<div class=\"elementor-element elementor-element-6c6b2a3 elementor-widget-mobile__width-initial elementor-invisible elementor-widget elementor-widget-image\" data-id=\"6c6b2a3\" data-element_type=\"widget\" data-settings=\"{&quot;ep_floating_effects_show&quot;:&quot;yes&quot;,&quot;ep_floating_effects_rotate_toggle&quot;:&quot;yes&quot;,&quot;ep_floating_effects_rotate_z&quot;:{&quot;unit&quot;:&quot;deg&quot;,&quot;size&quot;:&quot;&quot;,&quot;sizes&quot;:{&quot;from&quot;:0,&quot;to&quot;:16}},&quot;ep_floating_effects_rotate_duration&quot;:{&quot;unit&quot;:&quot;px&quot;,&quot;size&quot;:1000,&quot;sizes&quot;:[]},&quot;_animation&quot;:&quot;fadeInDown&quot;,&quot;ep_floating_effects_rotate_x&quot;:{&quot;unit&quot;:&quot;deg&quot;,&quot;size&quot;:&quot;&quot;,&quot;sizes&quot;:{&quot;from&quot;:0,&quot;to&quot;:0}},&quot;ep_floating_effects_rotate_y&quot;:{&quot;unit&quot;:&quot;deg&quot;,&quot;size&quot;:&quot;&quot;,&quot;sizes&quot;:{&quot;from&quot;:0,&quot;to&quot;:0}},&quot;ep_floating_effects_rotate_delay&quot;:{&quot;unit&quot;:&quot;px&quot;,&quot;size&quot;:&quot;&quot;,&quot;sizes&quot;:[]},&quot;ep_floating_effects_easing&quot;:&quot;easeInOutQuad&quot;}\" data-widget_type=\"image.default\">\n\t\t\t\t<div class=\"elementor-widget-container\">\n\t\t\t\t\t\t\t\t\t\t\t\t\t\t\t<img fetchpriority=\"high\" decoding=\"async\" width=\"239\" height=\"317\" src=\"https:\/\/nocheenla13.com\/wp-content\/uploads\/2025\/04\/Vector-20.png\" class=\"attachment-large size-large wp-image-158\" alt=\"\" srcset=\"https:\/\/nocheenla13.com\/wp-content\/uploads\/2025\/04\/Vector-20.png 239w, https:\/\/nocheenla13.com\/wp-content\/uploads\/2025\/04\/Vector-20-226x300.png 226w\" sizes=\"(max-width: 239px) 100vw, 239px\" \/>\t\t\t\t\t\t\t\t\t\t\t\t\t\t\t<\/div>\n\t\t\t\t<\/div>\n\t\t\t\t<\/div>\n\t\t\t\t\t<\/div>\n\t\t\t\t<\/div>\n\t\t<div class=\"elementor-element elementor-element-f5541df e-flex e-con-boxed e-con e-child\" data-id=\"f5541df\" data-element_type=\"container\">\n\t\t\t\t\t<div class=\"e-con-inner\">\n\t\t\t\t<div class=\"elementor-element elementor-element-24de746 elementor-absolute elementor-hidden-mobile elementor-invisible elementor-widget elementor-widget-image\" data-id=\"24de746\" data-element_type=\"widget\" data-settings=\"{&quot;_position&quot;:&quot;absolute&quot;,&quot;_animation&quot;:&quot;fadeInLeft&quot;}\" data-widget_type=\"image.default\">\n\t\t\t\t<div class=\"elementor-widget-container\">\n\t\t\t\t\t\t\t\t\t\t\t\t\t\t\t<img decoding=\"async\" width=\"315\" height=\"315\" src=\"https:\/\/nocheenla13.com\/wp-content\/uploads\/2025\/04\/WhatsApp-Image-2025-03-05-at-3.18.23-PM-1.png\" class=\"attachment-large size-large wp-image-192\" alt=\"\" srcset=\"https:\/\/nocheenla13.com\/wp-content\/uploads\/2025\/04\/WhatsApp-Image-2025-03-05-at-3.18.23-PM-1.png 315w, https:\/\/nocheenla13.com\/wp-content\/uploads\/2025\/04\/WhatsApp-Image-2025-03-05-at-3.18.23-PM-1-300x300.png 300w, https:\/\/nocheenla13.com\/wp-content\/uploads\/2025\/04\/WhatsApp-Image-2025-03-05-at-3.18.23-PM-1-150x150.png 150w\" sizes=\"(max-width: 315px) 100vw, 315px\" \/>\t\t\t\t\t\t\t\t\t\t\t\t\t\t\t<\/div>\n\t\t\t\t<\/div>\n\t\t\t\t<div class=\"elementor-element elementor-element-6ae84b7 elementor-absolute elementor-hidden-mobile elementor-invisible elementor-widget elementor-widget-image\" data-id=\"6ae84b7\" data-element_type=\"widget\" data-settings=\"{&quot;_position&quot;:&quot;absolute&quot;,&quot;_animation&quot;:&quot;fadeInRight&quot;}\" data-widget_type=\"image.default\">\n\t\t\t\t<div class=\"elementor-widget-container\">\n\t\t\t\t\t\t\t\t\t\t\t\t\t\t\t<img loading=\"lazy\" decoding=\"async\" width=\"225\" height=\"315\" src=\"https:\/\/nocheenla13.com\/wp-content\/uploads\/2025\/04\/foto2.png\" class=\"attachment-large size-large wp-image-193\" alt=\"\" srcset=\"https:\/\/nocheenla13.com\/wp-content\/uploads\/2025\/04\/foto2.png 225w, https:\/\/nocheenla13.com\/wp-content\/uploads\/2025\/04\/foto2-214x300.png 214w\" sizes=\"(max-width: 225px) 100vw, 225px\" \/>\t\t\t\t\t\t\t\t\t\t\t\t\t\t\t<\/div>\n\t\t\t\t<\/div>\n\t\t<div class=\"elementor-element elementor-element-b09589f e-con-full e-flex elementor-invisible e-con e-child\" data-id=\"b09589f\" data-element_type=\"container\" data-settings=\"{&quot;animation&quot;:&quot;fadeIn&quot;}\">\n\t\t\t\t<div class=\"elementor-element elementor-element-4764633 elementor-widget elementor-widget-text-editor\" data-id=\"4764633\" data-element_type=\"widget\" data-widget_type=\"text-editor.default\">\n\t\t\t\t<div class=\"elementor-widget-container\">\n\t\t\t\t\t\t\t\t\t<p>Comuna 13 representa resiliencia, arte y transformaci\u00f3n. En este escenario vibrante nace <strong>Son Bat\u00e1,<\/strong> un colectivo afrocolombiano con m\u00e1s de 18 a\u00f1os de trayectoria, que utiliza la m\u00fasica y la danza como herramientas de cambio social. A trav\u00e9s de ritmos afrocolombianos fusionados con hip hop y salsa, crean espacios de formaci\u00f3n art\u00edstica que inspiran a los j\u00f3venes y fortalecen la identidad cultural de la comunidad.<\/p>\t\t\t\t\t\t\t\t<\/div>\n\t\t\t\t<\/div>\n\t\t\t\t<\/div>\n\t\t<div class=\"elementor-element elementor-element-3ce18b9 e-con-full e-flex e-con e-child\" data-id=\"3ce18b9\" data-element_type=\"container\">\n\t\t\t\t<div class=\"elementor-element elementor-element-47ab6a7 elementor-invisible elementor-widget elementor-widget-image\" data-id=\"47ab6a7\" data-element_type=\"widget\" data-settings=\"{&quot;_animation&quot;:&quot;fadeInUp&quot;}\" data-widget_type=\"image.default\">\n\t\t\t\t<div class=\"elementor-widget-container\">\n\t\t\t\t\t\t\t\t\t\t\t\t\t\t\t<img loading=\"lazy\" decoding=\"async\" width=\"800\" height=\"294\" src=\"https:\/\/nocheenla13.com\/wp-content\/uploads\/2025\/04\/WhatsApp-Image-2025-03-05-at-3.18.23-PM-3-1-1.png\" class=\"attachment-large size-large wp-image-194\" alt=\"\" srcset=\"https:\/\/nocheenla13.com\/wp-content\/uploads\/2025\/04\/WhatsApp-Image-2025-03-05-at-3.18.23-PM-3-1-1.png 857w, https:\/\/nocheenla13.com\/wp-content\/uploads\/2025\/04\/WhatsApp-Image-2025-03-05-at-3.18.23-PM-3-1-1-300x110.png 300w, https:\/\/nocheenla13.com\/wp-content\/uploads\/2025\/04\/WhatsApp-Image-2025-03-05-at-3.18.23-PM-3-1-1-768x282.png 768w\" sizes=\"(max-width: 800px) 100vw, 800px\" \/>\t\t\t\t\t\t\t\t\t\t\t\t\t\t\t<\/div>\n\t\t\t\t<\/div>\n\t\t\t\t<div class=\"elementor-element elementor-element-1b5c401 elementor-absolute elementor-invisible elementor-widget elementor-widget-image\" data-id=\"1b5c401\" data-element_type=\"widget\" data-settings=\"{&quot;_position&quot;:&quot;absolute&quot;,&quot;ep_floating_effects_show&quot;:&quot;yes&quot;,&quot;ep_floating_effects_rotate_toggle&quot;:&quot;yes&quot;,&quot;ep_floating_effects_rotate_z&quot;:{&quot;unit&quot;:&quot;deg&quot;,&quot;size&quot;:&quot;&quot;,&quot;sizes&quot;:{&quot;from&quot;:0,&quot;to&quot;:21}},&quot;_animation&quot;:&quot;zoomIn&quot;,&quot;ep_floating_effects_rotate_x&quot;:{&quot;unit&quot;:&quot;deg&quot;,&quot;size&quot;:&quot;&quot;,&quot;sizes&quot;:{&quot;from&quot;:0,&quot;to&quot;:0}},&quot;ep_floating_effects_rotate_y&quot;:{&quot;unit&quot;:&quot;deg&quot;,&quot;size&quot;:&quot;&quot;,&quot;sizes&quot;:{&quot;from&quot;:0,&quot;to&quot;:0}},&quot;ep_floating_effects_rotate_duration&quot;:{&quot;unit&quot;:&quot;px&quot;,&quot;size&quot;:2000,&quot;sizes&quot;:[]},&quot;ep_floating_effects_rotate_delay&quot;:{&quot;unit&quot;:&quot;px&quot;,&quot;size&quot;:&quot;&quot;,&quot;sizes&quot;:[]},&quot;ep_floating_effects_easing&quot;:&quot;easeInOutQuad&quot;}\" data-widget_type=\"image.default\">\n\t\t\t\t<div class=\"elementor-widget-container\">\n\t\t\t\t\t\t\t\t\t\t\t\t\t\t\t<img loading=\"lazy\" decoding=\"async\" width=\"291\" height=\"296\" src=\"https:\/\/nocheenla13.com\/wp-content\/uploads\/2025\/04\/Group-484805.png\" class=\"attachment-large size-large wp-image-195\" alt=\"\" \/>\t\t\t\t\t\t\t\t\t\t\t\t\t\t\t<\/div>\n\t\t\t\t<\/div>\n\t\t\t\t<\/div>\n\t\t\t\t\t<\/div>\n\t\t\t\t<\/div>\n\t\t<div class=\"elementor-element elementor-element-16e4a18 e-flex e-con-boxed e-con e-child\" data-id=\"16e4a18\" data-element_type=\"container\">\n\t\t\t\t\t<div class=\"e-con-inner\">\n\t\t\t\t<div class=\"elementor-element elementor-element-20039a7 elementor-absolute elementor-hidden-mobile elementor-invisible elementor-widget elementor-widget-image\" data-id=\"20039a7\" data-element_type=\"widget\" data-settings=\"{&quot;_position&quot;:&quot;absolute&quot;,&quot;_animation&quot;:&quot;fadeInLeft&quot;}\" data-widget_type=\"image.default\">\n\t\t\t\t<div class=\"elementor-widget-container\">\n\t\t\t\t\t\t\t\t\t\t\t\t\t\t\t<img loading=\"lazy\" decoding=\"async\" width=\"315\" height=\"315\" src=\"https:\/\/nocheenla13.com\/wp-content\/uploads\/2025\/04\/WhatsApp-Image-2025-03-05-at-3.18.22-PM-2.png\" class=\"attachment-full size-full wp-image-204\" alt=\"\" srcset=\"https:\/\/nocheenla13.com\/wp-content\/uploads\/2025\/04\/WhatsApp-Image-2025-03-05-at-3.18.22-PM-2.png 315w, https:\/\/nocheenla13.com\/wp-content\/uploads\/2025\/04\/WhatsApp-Image-2025-03-05-at-3.18.22-PM-2-300x300.png 300w, https:\/\/nocheenla13.com\/wp-content\/uploads\/2025\/04\/WhatsApp-Image-2025-03-05-at-3.18.22-PM-2-150x150.png 150w\" sizes=\"(max-width: 315px) 100vw, 315px\" \/>\t\t\t\t\t\t\t\t\t\t\t\t\t\t\t<\/div>\n\t\t\t\t<\/div>\n\t\t\t\t<div class=\"elementor-element elementor-element-df88abd elementor-absolute elementor-hidden-mobile elementor-invisible elementor-widget elementor-widget-image\" data-id=\"df88abd\" data-element_type=\"widget\" data-settings=\"{&quot;_position&quot;:&quot;absolute&quot;,&quot;_animation&quot;:&quot;fadeInRight&quot;}\" data-widget_type=\"image.default\">\n\t\t\t\t<div class=\"elementor-widget-container\">\n\t\t\t\t\t\t\t\t\t\t\t\t\t\t\t<img loading=\"lazy\" decoding=\"async\" width=\"225\" height=\"315\" src=\"https:\/\/nocheenla13.com\/wp-content\/uploads\/2025\/04\/WhatsApp-Image-2025-03-05-at-3.18.23-PM-2.png\" class=\"attachment-large size-large wp-image-205\" alt=\"\" srcset=\"https:\/\/nocheenla13.com\/wp-content\/uploads\/2025\/04\/WhatsApp-Image-2025-03-05-at-3.18.23-PM-2.png 225w, https:\/\/nocheenla13.com\/wp-content\/uploads\/2025\/04\/WhatsApp-Image-2025-03-05-at-3.18.23-PM-2-214x300.png 214w\" sizes=\"(max-width: 225px) 100vw, 225px\" \/>\t\t\t\t\t\t\t\t\t\t\t\t\t\t\t<\/div>\n\t\t\t\t<\/div>\n\t\t<div class=\"elementor-element elementor-element-e4a2823 e-con-full e-flex elementor-invisible e-con e-child\" data-id=\"e4a2823\" data-element_type=\"container\" data-settings=\"{&quot;animation&quot;:&quot;fadeIn&quot;}\">\n\t\t\t\t<div class=\"elementor-element elementor-element-b77ab11 elementor-widget elementor-widget-text-editor\" data-id=\"b77ab11\" data-element_type=\"widget\" data-widget_type=\"text-editor.default\">\n\t\t\t\t<div class=\"elementor-widget-container\">\n\t\t\t\t\t\t\t\t\t<p><strong>Terrazas Verdes<\/strong> es un proyecto social y ambiental que convierte terrazas en huertas urbanas usando hidropon\u00eda. Junto a Son Bat\u00e1, crean una experiencia nocturna en la Comuna 13 que celebra la esencia de Medell\u00edn a trav\u00e9s de su gente, historia y cultura.<\/p>\t\t\t\t\t\t\t\t<\/div>\n\t\t\t\t<\/div>\n\t\t\t\t<\/div>\n\t\t<div class=\"elementor-element elementor-element-4b8afe3 e-con-full e-flex e-con e-child\" data-id=\"4b8afe3\" data-element_type=\"container\">\n\t\t\t\t<div class=\"elementor-element elementor-element-26935fb elementor-invisible elementor-widget elementor-widget-image\" data-id=\"26935fb\" data-element_type=\"widget\" data-settings=\"{&quot;_animation&quot;:&quot;fadeInUp&quot;}\" data-widget_type=\"image.default\">\n\t\t\t\t<div class=\"elementor-widget-container\">\n\t\t\t\t\t\t\t\t\t\t\t\t\t\t\t<img loading=\"lazy\" decoding=\"async\" width=\"800\" height=\"294\" src=\"https:\/\/nocheenla13.com\/wp-content\/uploads\/2025\/04\/WhatsApp-Image-2025-03-05-at-3.18.24-PM-2.png\" class=\"attachment-large size-large wp-image-206\" alt=\"\" srcset=\"https:\/\/nocheenla13.com\/wp-content\/uploads\/2025\/04\/WhatsApp-Image-2025-03-05-at-3.18.24-PM-2.png 857w, https:\/\/nocheenla13.com\/wp-content\/uploads\/2025\/04\/WhatsApp-Image-2025-03-05-at-3.18.24-PM-2-300x110.png 300w, https:\/\/nocheenla13.com\/wp-content\/uploads\/2025\/04\/WhatsApp-Image-2025-03-05-at-3.18.24-PM-2-768x282.png 768w\" sizes=\"(max-width: 800px) 100vw, 800px\" \/>\t\t\t\t\t\t\t\t\t\t\t\t\t\t\t<\/div>\n\t\t\t\t<\/div>\n\t\t\t\t<\/div>\n\t\t\t\t\t<\/div>\n\t\t\t\t<\/div>\n\t\t<div class=\"elementor-element elementor-element-45b0f08 e-flex e-con-boxed e-con e-child\" data-id=\"45b0f08\" data-element_type=\"container\">\n\t\t\t\t\t<div class=\"e-con-inner\">\n\t\t<div class=\"elementor-element elementor-element-4e21945 e-con-full e-flex elementor-invisible e-con e-child\" data-id=\"4e21945\" data-element_type=\"container\" data-settings=\"{&quot;animation&quot;:&quot;fadeIn&quot;}\">\n\t\t\t\t<div class=\"elementor-element elementor-element-b6492b7 elementor-widget elementor-widget-text-editor\" data-id=\"b6492b7\" data-element_type=\"widget\" data-widget_type=\"text-editor.default\">\n\t\t\t\t<div class=\"elementor-widget-container\">\n\t\t\t\t\t\t\t\t\t<p>Este <strong>tour nocturno<\/strong> genera un impacto positivo real en la Comuna 13: apoya talleres de percusi\u00f3n para ni\u00f1os, promueve la sustentabilidad con huertas hidrop\u00f3nicas y celebra la cultura local con una cena hecha con productos frescos de la comunidad. Una experiencia inolvidable que conecta al visitante con la transformaci\u00f3n aut\u00e9ntica del barrio.<\/p>\t\t\t\t\t\t\t\t<\/div>\n\t\t\t\t<\/div>\n\t\t\t\t<\/div>\n\t\t\t\t\t<\/div>\n\t\t\t\t<\/div>\n\t\t\t\t<\/div>\n\t\t<div class=\"elementor-element elementor-element-55b7482 e-flex e-con-boxed e-con e-parent\" data-id=\"55b7482\" data-element_type=\"container\" data-settings=\"{&quot;background_background&quot;:&quot;classic&quot;}\">\n\t\t\t\t\t<div class=\"e-con-inner\">\n\t\t\t\t<div class=\"elementor-element elementor-element-c1bed21 elementor-widget elementor-widget-ucaddon_futuristic_typing_text_effect\" data-id=\"c1bed21\" data-element_type=\"widget\" data-widget_type=\"ucaddon_futuristic_typing_text_effect.default\">\n\t\t\t\t<div class=\"elementor-widget-container\">\n\t\t\t\t\t\n<!-- start Futuristic Typing Text Effect -->\n\n<p id=\"uc_futuristic_typing_text_effect_elementor_c1bed21\" style=\"text-align:left; color:#FFFFFF;\" class=\"heading\" data-target-resolver><\/p>\n<!-- end Futuristic Typing Text Effect -->\t\t\t\t<\/div>\n\t\t\t\t<\/div>\n\t\t\t\t\t<\/div>\n\t\t\t\t<\/div>\n\t\t\t\t<\/div>","protected":false},"excerpt":{"rendered":"<p>SOMos Comuna 13 representa resiliencia, arte y transformaci\u00f3n. En este escenario vibrante nace Son Bat\u00e1, un colectivo afrocolombiano con m\u00e1s de 18 a\u00f1os de trayectoria, que utiliza la m\u00fasica y la danza como herramientas de cambio social. A trav\u00e9s de ritmos afrocolombianos fusionados con hip hop y salsa, crean espacios de formaci\u00f3n art\u00edstica que inspiran [&hellip;]<\/p>","protected":false},"author":2,"featured_media":0,"parent":0,"menu_order":0,"comment_status":"closed","ping_status":"closed","template":"","meta":{"footnotes":""},"class_list":["post-26","page","type-page","status-publish","hentry"],"_links":{"self":[{"href":"https:\/\/nocheenla13.com\/en\/wp-json\/wp\/v2\/pages\/26","targetHints":{"allow":["GET"]}}],"collection":[{"href":"https:\/\/nocheenla13.com\/en\/wp-json\/wp\/v2\/pages"}],"about":[{"href":"https:\/\/nocheenla13.com\/en\/wp-json\/wp\/v2\/types\/page"}],"author":[{"embeddable":true,"href":"https:\/\/nocheenla13.com\/en\/wp-json\/wp\/v2\/users\/2"}],"replies":[{"embeddable":true,"href":"https:\/\/nocheenla13.com\/en\/wp-json\/wp\/v2\/comments?post=26"}],"version-history":[{"count":0,"href":"https:\/\/nocheenla13.com\/en\/wp-json\/wp\/v2\/pages\/26\/revisions"}],"wp:attachment":[{"href":"https:\/\/nocheenla13.com\/en\/wp-json\/wp\/v2\/media?parent=26"}],"curies":[{"name":"wp","href":"https:\/\/api.w.org\/{rel}","templated":true}]}}